{"id":141,"date":"2021-08-04T18:13:07","date_gmt":"2021-08-04T16:13:07","guid":{"rendered":"http:\/\/www.roland-fischer.com\/consulting\/?page_id=141"},"modified":"2023-02-16T09:33:09","modified_gmt":"2023-02-16T08:33:09","slug":"blog","status":"publish","type":"page","link":"https:\/\/www.roland-fischer.com\/consulting\/blog\/","title":{"rendered":"Blog"},"content":{"rendered":"<div id='full_slider_1'  class='avia-fullwidth-slider main_color avia-shadow   avia-builder-el-0  el_before_av_one_full  avia-builder-el-first   container_wrap sidebar_right'  ><div  class='avia-slideshow av-krxow95r-487a61a36fdb0f8ed744e95858fe3fbb av-control-default avia-slideshow-featured_large av_slideshow_full avia-slide-slider av-default-height-applied   avia-slideshow-1'  data-size='featured_large'  data-lightbox_size='large'  data-animation='slide'  data-conditional_play=''  data-ids='61'  data-video_counter='0'  data-autoplay='false'  data-bg_slider='false'  data-slide_height=''  data-handle='av_slideshow_full'  data-interval='5'  data-class=''  data-extra_class=' '  data-el_id=''  data-css_id=''  data-scroll_down=''  data-control_layout='av-control-default'  data-custom_markup=''  data-perma_caption=''  data-autoplay_stopper=''  data-image_attachment=''  data-min_height='0px'  data-lazy_loading='disabled'  data-default-height='42'  data-stretch=''  data-src=''  data-position='top left'  data-repeat='no-repeat'  data-attach='scroll'  data-img_scrset=''  data-av-desktop-hide=''  data-av-medium-hide=''  data-av-small-hide=''  data-av-mini-hide=''  data-id=''  data-custom_class=''  data-template_class=''  data-av_uid='av-krxow95r'  data-sc_version='1.0'  data-heading_tag=''  data-heading_class=''   itemprop=\"image\" itemscope=\"itemscope\" itemtype=\"https:\/\/schema.org\/ImageObject\" ><ul class='avia-slideshow-inner ' style='padding-bottom: 42%;'><li  class='avia-slideshow-slide av-krxow95r-487a61a36fdb0f8ed744e95858fe3fbb__0  av-single-slide slide-1 ' ><div data-rel='slideshow-1' class='avia-slide-wrap '   ><img decoding=\"async\" class=\"wp-image-61 avia-img-lazy-loading-not-61\"  src=\"https:\/\/www.roland-fischer.com\/consulting\/wp-content\/uploads\/2021\/07\/avenue-2215317_1920-1500x630.jpg\" width=\"1500\" height=\"630\" title='' alt=''  itemprop=\"thumbnailUrl\"   \/><\/div><\/li><\/ul><\/div><\/div><div id='after_full_slider_1'  class='main_color av_default_container_wrap container_wrap sidebar_right'  ><div class='container av-section-cont-open' ><div class='template-page content  av-content-small alpha units'><div class='post-entry post-entry-type-page post-entry-141'><div class='entry-content-wrapper clearfix'>\n\n<style type=\"text\/css\" data-created_by=\"avia_inline_auto\" id=\"style-css-av-6li9h-625b102158a76268a030da1991149274\">\n.flex_column.av-6li9h-625b102158a76268a030da1991149274{\nborder-radius:0px 0px 0px 0px;\n-webkit-border-radius:0px 0px 0px 0px;\n-moz-border-radius:0px 0px 0px 0px;\n}\n<\/style>\n<div class='flex_column av-6li9h-625b102158a76268a030da1991149274 av_one_full  avia-builder-el-1  el_after_av_slideshow_full  el_before_av_hr  avia-builder-el-first  first flex_column_div av-zero-column-padding '   ><section  class='av_textblock_section av-l2wb62pc-abb259c3916b42918e595af89d6d8f70'  itemscope=\"itemscope\" itemtype=\"https:\/\/schema.org\/CreativeWork\" ><div class='avia_textblock'  itemprop=\"text\" ><h2>Wissens-Blog<\/h2>\n<\/div><\/section><br \/>\n<div  class='hr av-gfpt1-710e8b0aa74e578d41d64ee2b707cb5f hr-default  avia-builder-el-3  el_after_av_textblock  el_before_av_textblock '><span class='hr-inner '><span class=\"hr-inner-style\"><\/span><\/span><\/div><br \/>\n<section  class='av_textblock_section av-l2w9hkra-8b9960c1ed5b361c2a5f77f88ef021cb'  itemscope=\"itemscope\" itemtype=\"https:\/\/schema.org\/CreativeWork\" ><div class='avia_textblock'  itemprop=\"text\" ><p><em>In meinem Entwicklung Feng-Shui Geomantie \u2013 Blog stelle ich in mehr oder weniger regelm\u00e4\u00dfigen Abst\u00e4nden interessante Zusammenh\u00e4nge, Erkenntnisse und Informationen rund um mein Arbeitsgebiet vor.<\/em><\/p>\n<p><em>Wie kann ich mich pers\u00f6nlich weiterentwickeln, inwiefern kann gutes Feng-Shui mich unterst\u00fctzen und welche Rolle spielt dabei die Geomantie.<\/em><\/p>\n<p><em>Alle Teilaspekte finden sich in meinem Dreis\u00e4ulen-Energietempel-Modell wieder, auf das ich mich in meinen Blogs immer wieder beziehe.<\/em><\/p>\n<\/div><\/section><\/p><\/div>\n<div  class='hr av-7zd0l-8584aa71ee2329c2755285934f5c3893 hr-default  avia-builder-el-5  el_after_av_one_full  el_before_av_blog '><span class='hr-inner '><span class=\"hr-inner-style\"><\/span><\/span><\/div>\n<div   data-autoplay=''  data-interval='5'  data-animation='fade'  data-show_slide_delay='90'  class='avia-content-slider avia-content-grid-active avia-content-slider1 avia-content-slider-odd  avia-builder-el-6  el_after_av_hr  avia-builder-el-last  '  itemscope=\"itemscope\" itemtype=\"https:\/\/schema.org\/Blog\" ><div class='avia-content-slider-inner'><div class='slide-entry-wrap'><article class='slide-entry flex_column  post-entry post-entry-395 slide-entry-overview slide-loop-1 slide-parity-odd  av_one_third first real-thumbnail post-format-standard'  itemscope=\"itemscope\" itemtype=\"https:\/\/schema.org\/CreativeWork\" ><a href='https:\/\/www.roland-fischer.com\/consulting\/2022\/05\/09\/warum-roland-fischer-consulting\/' data-rel='slide-1' class='slide-image' title='Warum Roland Fischer Consulting?'><img decoding=\"async\" width=\"495\" height=\"400\" src=\"https:\/\/www.roland-fischer.com\/consulting\/wp-content\/uploads\/2022\/05\/Warum-495x400.jpg\" class=\"wp-image-470 avia-img-lazy-loading-not-470 attachment-portfolio size-portfolio wp-post-image\" alt=\"\" srcset=\"https:\/\/www.roland-fischer.com\/consulting\/wp-content\/uploads\/2022\/05\/Warum-495x400.jpg 495w, https:\/\/www.roland-fischer.com\/consulting\/wp-content\/uploads\/2022\/05\/Warum-845x684.jpg 845w\" sizes=\"(max-width: 495px) 100vw, 495px\" \/><\/a><div class='slide-content'><header class=\"entry-content-header\"><h3 class='slide-entry-title entry-title '  itemprop=\"headline\" ><a href='https:\/\/www.roland-fischer.com\/consulting\/2022\/05\/09\/warum-roland-fischer-consulting\/' title='Warum Roland Fischer Consulting?'>Warum Roland Fischer Consulting?<\/a><\/h3><span class=\"av-vertical-delimiter\"><\/span><\/header><div class=\"slide-meta\"><time class='slide-meta-time updated'  itemprop=\"datePublished\" datetime=\"2022-05-09T22:21:53+02:00\" >9. Mai 2022<\/time><\/div><div class='slide-entry-excerpt entry-content'  itemprop=\"text\" >\n\n\n\n\n\n\n\n\n\n\n\n<div class=\"read-more-link\"><a href=\"https:\/\/www.roland-fischer.com\/consulting\/2022\/05\/09\/warum-roland-fischer-consulting\/\" class=\"more-link\">Weiterlesen<span class=\"more-link-arrow\"><\/span><\/a><\/div><\/div><\/div><footer class=\"entry-footer\"><\/footer><span class='hidden'>\n\t\t\t\t<span class='av-structured-data'  itemprop=\"image\" itemscope=\"itemscope\" itemtype=\"https:\/\/schema.org\/ImageObject\" >\n\t\t\t\t\t\t<span itemprop='url'>https:\/\/www.roland-fischer.com\/consulting\/wp-content\/uploads\/2022\/05\/Warum-scaled.jpg<\/span>\n\t\t\t\t\t\t<span itemprop='height'>1707<\/span>\n\t\t\t\t\t\t<span itemprop='width'>2560<\/span>\n\t\t\t\t<\/span>\n\t\t\t\t<span class='av-structured-data'  itemprop=\"publisher\" itemtype=\"https:\/\/schema.org\/Organization\" itemscope=\"itemscope\" >\n\t\t\t\t\t\t<span itemprop='name'>sebastianbad<\/span>\n\t\t\t\t\t\t<span itemprop='logo' itemscope itemtype='https:\/\/schema.org\/ImageObject'>\n\t\t\t\t\t\t\t<span itemprop='url'>https:\/\/www.roland-fischer.com\/consulting\/wp-content\/uploads\/2022\/01\/Roland-Fischer-Logo-web-transp.png<\/span>\n\t\t\t\t\t\t <\/span>\n\t\t\t\t<\/span><span class='av-structured-data'  itemprop=\"author\" itemscope=\"itemscope\" itemtype=\"https:\/\/schema.org\/Person\" ><span itemprop='name'>sebastianbad<\/span><\/span><span class='av-structured-data'  itemprop=\"datePublished\" datetime=\"2021-08-04T18:13:07+02:00\" >2022-05-09 22:21:53<\/span><span class='av-structured-data'  itemprop=\"dateModified\" itemtype=\"https:\/\/schema.org\/dateModified\" >2023-02-17 14:43:39<\/span><span class='av-structured-data'  itemprop=\"mainEntityOfPage\" itemtype=\"https:\/\/schema.org\/mainEntityOfPage\" ><span itemprop='name'>Warum Roland Fischer Consulting?<\/span><\/span><\/span><\/article><article class='slide-entry flex_column  post-entry post-entry-384 slide-entry-overview slide-loop-2 slide-parity-even  av_one_third  real-thumbnail post-format-standard'  itemscope=\"itemscope\" itemtype=\"https:\/\/schema.org\/CreativeWork\" ><a href='https:\/\/www.roland-fischer.com\/consulting\/2022\/05\/07\/leistungen-und-preise\/' data-rel='slide-1' class='slide-image' title='Leistungen und Preise'><img decoding=\"async\" width=\"495\" height=\"400\" src=\"https:\/\/www.roland-fischer.com\/consulting\/wp-content\/uploads\/2022\/05\/Leistungen-2-495x400.jpg\" class=\"wp-image-468 avia-img-lazy-loading-not-468 attachment-portfolio size-portfolio wp-post-image\" alt=\"\" srcset=\"https:\/\/www.roland-fischer.com\/consulting\/wp-content\/uploads\/2022\/05\/Leistungen-2-495x400.jpg 495w, https:\/\/www.roland-fischer.com\/consulting\/wp-content\/uploads\/2022\/05\/Leistungen-2-845x684.jpg 845w\" sizes=\"(max-width: 495px) 100vw, 495px\" \/><\/a><div class='slide-content'><header class=\"entry-content-header\"><h3 class='slide-entry-title entry-title '  itemprop=\"headline\" ><a href='https:\/\/www.roland-fischer.com\/consulting\/2022\/05\/07\/leistungen-und-preise\/' title='Leistungen und Preise'>Leistungen und Preise<\/a><\/h3><span class=\"av-vertical-delimiter\"><\/span><\/header><div class=\"slide-meta\"><time class='slide-meta-time updated'  itemprop=\"datePublished\" datetime=\"2022-05-07T22:06:46+02:00\" >7. Mai 2022<\/time><\/div><div class='slide-entry-excerpt entry-content'  itemprop=\"text\" >\n\n\n\n\n\n\n\n\n\n\n\n<div class=\"read-more-link\"><a href=\"https:\/\/www.roland-fischer.com\/consulting\/2022\/05\/07\/leistungen-und-preise\/\" class=\"more-link\">Weiterlesen<span class=\"more-link-arrow\"><\/span><\/a><\/div><\/div><\/div><footer class=\"entry-footer\"><\/footer><span class='hidden'>\n\t\t\t\t<span class='av-structured-data'  itemprop=\"image\" itemscope=\"itemscope\" itemtype=\"https:\/\/schema.org\/ImageObject\" >\n\t\t\t\t\t\t<span itemprop='url'>https:\/\/www.roland-fischer.com\/consulting\/wp-content\/uploads\/2022\/05\/Leistungen-2-scaled.jpg<\/span>\n\t\t\t\t\t\t<span itemprop='height'>1378<\/span>\n\t\t\t\t\t\t<span itemprop='width'>2560<\/span>\n\t\t\t\t<\/span>\n\t\t\t\t<span class='av-structured-data'  itemprop=\"publisher\" itemtype=\"https:\/\/schema.org\/Organization\" itemscope=\"itemscope\" >\n\t\t\t\t\t\t<span itemprop='name'>sebastianbad<\/span>\n\t\t\t\t\t\t<span itemprop='logo' itemscope itemtype='https:\/\/schema.org\/ImageObject'>\n\t\t\t\t\t\t\t<span itemprop='url'>https:\/\/www.roland-fischer.com\/consulting\/wp-content\/uploads\/2022\/01\/Roland-Fischer-Logo-web-transp.png<\/span>\n\t\t\t\t\t\t <\/span>\n\t\t\t\t<\/span><span class='av-structured-data'  itemprop=\"author\" itemscope=\"itemscope\" itemtype=\"https:\/\/schema.org\/Person\" ><span itemprop='name'>sebastianbad<\/span><\/span><span class='av-structured-data'  itemprop=\"datePublished\" datetime=\"2021-08-04T18:13:07+02:00\" >2022-05-07 22:06:46<\/span><span class='av-structured-data'  itemprop=\"dateModified\" itemtype=\"https:\/\/schema.org\/dateModified\" >2023-02-17 14:47:19<\/span><span class='av-structured-data'  itemprop=\"mainEntityOfPage\" itemtype=\"https:\/\/schema.org\/mainEntityOfPage\" ><span itemprop='name'>Leistungen und Preise<\/span><\/span><\/span><\/article><article class='slide-entry flex_column  post-entry post-entry-388 slide-entry-overview slide-loop-3 slide-parity-odd  av_one_third  real-thumbnail post-format-standard'  itemscope=\"itemscope\" itemtype=\"https:\/\/schema.org\/CreativeWork\" ><a href='https:\/\/www.roland-fischer.com\/consulting\/2022\/04\/14\/ablauf\/' data-rel='slide-1' class='slide-image' title='Ablauf'><img decoding=\"async\" width=\"495\" height=\"400\" src=\"https:\/\/www.roland-fischer.com\/consulting\/wp-content\/uploads\/2022\/05\/Ablauf-495x400.jpg\" class=\"wp-image-467 avia-img-lazy-loading-not-467 attachment-portfolio size-portfolio wp-post-image\" alt=\"\" srcset=\"https:\/\/www.roland-fischer.com\/consulting\/wp-content\/uploads\/2022\/05\/Ablauf-495x400.jpg 495w, https:\/\/www.roland-fischer.com\/consulting\/wp-content\/uploads\/2022\/05\/Ablauf-845x684.jpg 845w\" sizes=\"(max-width: 495px) 100vw, 495px\" \/><\/a><div class='slide-content'><header class=\"entry-content-header\"><h3 class='slide-entry-title entry-title '  itemprop=\"headline\" ><a href='https:\/\/www.roland-fischer.com\/consulting\/2022\/04\/14\/ablauf\/' title='Ablauf'>Ablauf<\/a><\/h3><span class=\"av-vertical-delimiter\"><\/span><\/header><div class=\"slide-meta\"><time class='slide-meta-time updated'  itemprop=\"datePublished\" datetime=\"2022-04-14T10:13:06+02:00\" >14. April 2022<\/time><\/div><div class='slide-entry-excerpt entry-content'  itemprop=\"text\" >\n\n\n\n\n\n\n\n\n\n\n\n\n\n<div class=\"read-more-link\"><a href=\"https:\/\/www.roland-fischer.com\/consulting\/2022\/04\/14\/ablauf\/\" class=\"more-link\">Weiterlesen<span class=\"more-link-arrow\"><\/span><\/a><\/div><\/div><\/div><footer class=\"entry-footer\"><\/footer><span class='hidden'>\n\t\t\t\t<span class='av-structured-data'  itemprop=\"image\" itemscope=\"itemscope\" itemtype=\"https:\/\/schema.org\/ImageObject\" >\n\t\t\t\t\t\t<span itemprop='url'>https:\/\/www.roland-fischer.com\/consulting\/wp-content\/uploads\/2022\/05\/Ablauf-scaled.jpg<\/span>\n\t\t\t\t\t\t<span itemprop='height'>1707<\/span>\n\t\t\t\t\t\t<span itemprop='width'>2560<\/span>\n\t\t\t\t<\/span>\n\t\t\t\t<span class='av-structured-data'  itemprop=\"publisher\" itemtype=\"https:\/\/schema.org\/Organization\" itemscope=\"itemscope\" >\n\t\t\t\t\t\t<span itemprop='name'>sebastianbad<\/span>\n\t\t\t\t\t\t<span itemprop='logo' itemscope itemtype='https:\/\/schema.org\/ImageObject'>\n\t\t\t\t\t\t\t<span itemprop='url'>https:\/\/www.roland-fischer.com\/consulting\/wp-content\/uploads\/2022\/01\/Roland-Fischer-Logo-web-transp.png<\/span>\n\t\t\t\t\t\t <\/span>\n\t\t\t\t<\/span><span class='av-structured-data'  itemprop=\"author\" itemscope=\"itemscope\" itemtype=\"https:\/\/schema.org\/Person\" ><span itemprop='name'>sebastianbad<\/span><\/span><span class='av-structured-data'  itemprop=\"datePublished\" datetime=\"2021-08-04T18:13:07+02:00\" >2022-04-14 10:13:06<\/span><span class='av-structured-data'  itemprop=\"dateModified\" itemtype=\"https:\/\/schema.org\/dateModified\" >2023-02-17 14:44:40<\/span><span class='av-structured-data'  itemprop=\"mainEntityOfPage\" itemtype=\"https:\/\/schema.org\/mainEntityOfPage\" ><span itemprop='name'>Ablauf<\/span><\/span><\/span><\/article><\/div><div class='slide-entry-wrap'><article class='slide-entry flex_column  post-entry post-entry-382 slide-entry-overview slide-loop-4 slide-parity-odd  av_one_third first real-thumbnail post-format-standard'  itemscope=\"itemscope\" itemtype=\"https:\/\/schema.org\/CreativeWork\" ><a href='https:\/\/www.roland-fischer.com\/consulting\/2022\/04\/09\/zeitgemaesses-feng-shui\/' data-rel='slide-1' class='slide-image' title='Zeitgem\u00e4\u00dfes Feng-Shui'><img decoding=\"async\" width=\"495\" height=\"400\" src=\"https:\/\/www.roland-fischer.com\/consulting\/wp-content\/uploads\/2022\/05\/Feng-shui-1-495x400.jpg\" class=\"wp-image-465 avia-img-lazy-loading-not-465 attachment-portfolio size-portfolio wp-post-image\" alt=\"\" srcset=\"https:\/\/www.roland-fischer.com\/consulting\/wp-content\/uploads\/2022\/05\/Feng-shui-1-495x400.jpg 495w, https:\/\/www.roland-fischer.com\/consulting\/wp-content\/uploads\/2022\/05\/Feng-shui-1-845x684.jpg 845w\" sizes=\"(max-width: 495px) 100vw, 495px\" \/><\/a><div class='slide-content'><header class=\"entry-content-header\"><h3 class='slide-entry-title entry-title '  itemprop=\"headline\" ><a href='https:\/\/www.roland-fischer.com\/consulting\/2022\/04\/09\/zeitgemaesses-feng-shui\/' title='Zeitgem\u00e4\u00dfes Feng-Shui'>Zeitgem\u00e4\u00dfes Feng-Shui<\/a><\/h3><span class=\"av-vertical-delimiter\"><\/span><\/header><div class=\"slide-meta\"><time class='slide-meta-time updated'  itemprop=\"datePublished\" datetime=\"2022-04-09T08:03:00+02:00\" >9. April 2022<\/time><\/div><div class='slide-entry-excerpt entry-content'  itemprop=\"text\" >\n\n\n\n\n\n\n\n\n\n\n\n<div class=\"read-more-link\"><a href=\"https:\/\/www.roland-fischer.com\/consulting\/2022\/04\/09\/zeitgemaesses-feng-shui\/\" class=\"more-link\">Weiterlesen<span class=\"more-link-arrow\"><\/span><\/a><\/div><\/div><\/div><footer class=\"entry-footer\"><\/footer><span class='hidden'>\n\t\t\t\t<span class='av-structured-data'  itemprop=\"image\" itemscope=\"itemscope\" itemtype=\"https:\/\/schema.org\/ImageObject\" >\n\t\t\t\t\t\t<span itemprop='url'>https:\/\/www.roland-fischer.com\/consulting\/wp-content\/uploads\/2022\/05\/Feng-shui-1-scaled.jpg<\/span>\n\t\t\t\t\t\t<span itemprop='height'>852<\/span>\n\t\t\t\t\t\t<span itemprop='width'>2560<\/span>\n\t\t\t\t<\/span>\n\t\t\t\t<span class='av-structured-data'  itemprop=\"publisher\" itemtype=\"https:\/\/schema.org\/Organization\" itemscope=\"itemscope\" >\n\t\t\t\t\t\t<span itemprop='name'>sebastianbad<\/span>\n\t\t\t\t\t\t<span itemprop='logo' itemscope itemtype='https:\/\/schema.org\/ImageObject'>\n\t\t\t\t\t\t\t<span itemprop='url'>https:\/\/www.roland-fischer.com\/consulting\/wp-content\/uploads\/2022\/01\/Roland-Fischer-Logo-web-transp.png<\/span>\n\t\t\t\t\t\t <\/span>\n\t\t\t\t<\/span><span class='av-structured-data'  itemprop=\"author\" itemscope=\"itemscope\" itemtype=\"https:\/\/schema.org\/Person\" ><span itemprop='name'>sebastianbad<\/span><\/span><span class='av-structured-data'  itemprop=\"datePublished\" datetime=\"2021-08-04T18:13:07+02:00\" >2022-04-09 08:03:00<\/span><span class='av-structured-data'  itemprop=\"dateModified\" itemtype=\"https:\/\/schema.org\/dateModified\" >2023-02-17 14:46:24<\/span><span class='av-structured-data'  itemprop=\"mainEntityOfPage\" itemtype=\"https:\/\/schema.org\/mainEntityOfPage\" ><span itemprop='name'>Zeitgem\u00e4\u00dfes Feng-Shui<\/span><\/span><\/span><\/article><article class='slide-entry flex_column  post-entry post-entry-377 slide-entry-overview slide-loop-5 slide-parity-even  av_one_third  real-thumbnail post-format-standard'  itemscope=\"itemscope\" itemtype=\"https:\/\/schema.org\/CreativeWork\" ><a href='https:\/\/www.roland-fischer.com\/consulting\/2022\/04\/02\/geomantie-feng-shui-und-persoenliche-entwicklung-der-neuen-zeit\/' data-rel='slide-1' class='slide-image' title='Geomantie, Feng-Shui und pers\u00f6nliche Entwicklung der neuen Zeit'><img decoding=\"async\" width=\"495\" height=\"400\" src=\"https:\/\/www.roland-fischer.com\/consulting\/wp-content\/uploads\/2022\/04\/feng-shui-1-2-495x400.jpg\" class=\"wp-image-473 avia-img-lazy-loading-not-473 attachment-portfolio size-portfolio wp-post-image\" alt=\"\" srcset=\"https:\/\/www.roland-fischer.com\/consulting\/wp-content\/uploads\/2022\/04\/feng-shui-1-2-495x400.jpg 495w, https:\/\/www.roland-fischer.com\/consulting\/wp-content\/uploads\/2022\/04\/feng-shui-1-2-845x684.jpg 845w\" sizes=\"(max-width: 495px) 100vw, 495px\" \/><\/a><div class='slide-content'><header class=\"entry-content-header\"><h3 class='slide-entry-title entry-title '  itemprop=\"headline\" ><a href='https:\/\/www.roland-fischer.com\/consulting\/2022\/04\/02\/geomantie-feng-shui-und-persoenliche-entwicklung-der-neuen-zeit\/' title='Geomantie, Feng-Shui und pers\u00f6nliche Entwicklung der neuen Zeit'>Geomantie, Feng-Shui und pers\u00f6nliche Entwicklung der neuen Zeit<\/a><\/h3><span class=\"av-vertical-delimiter\"><\/span><\/header><div class=\"slide-meta\"><time class='slide-meta-time updated'  itemprop=\"datePublished\" datetime=\"2022-04-02T22:00:06+02:00\" >2. April 2022<\/time><\/div><div class='slide-entry-excerpt entry-content'  itemprop=\"text\" >\n\n\n\n\n\n\n\n\n\n\n\n<div class=\"read-more-link\"><a href=\"https:\/\/www.roland-fischer.com\/consulting\/2022\/04\/02\/geomantie-feng-shui-und-persoenliche-entwicklung-der-neuen-zeit\/\" class=\"more-link\">Weiterlesen<span class=\"more-link-arrow\"><\/span><\/a><\/div><\/div><\/div><footer class=\"entry-footer\"><\/footer><span class='hidden'>\n\t\t\t\t<span class='av-structured-data'  itemprop=\"image\" itemscope=\"itemscope\" itemtype=\"https:\/\/schema.org\/ImageObject\" >\n\t\t\t\t\t\t<span itemprop='url'>https:\/\/www.roland-fischer.com\/consulting\/wp-content\/uploads\/2022\/04\/feng-shui-1-2.jpg<\/span>\n\t\t\t\t\t\t<span itemprop='height'>1280<\/span>\n\t\t\t\t\t\t<span itemprop='width'>1920<\/span>\n\t\t\t\t<\/span>\n\t\t\t\t<span class='av-structured-data'  itemprop=\"publisher\" itemtype=\"https:\/\/schema.org\/Organization\" itemscope=\"itemscope\" >\n\t\t\t\t\t\t<span itemprop='name'>sebastianbad<\/span>\n\t\t\t\t\t\t<span itemprop='logo' itemscope itemtype='https:\/\/schema.org\/ImageObject'>\n\t\t\t\t\t\t\t<span itemprop='url'>https:\/\/www.roland-fischer.com\/consulting\/wp-content\/uploads\/2022\/01\/Roland-Fischer-Logo-web-transp.png<\/span>\n\t\t\t\t\t\t <\/span>\n\t\t\t\t<\/span><span class='av-structured-data'  itemprop=\"author\" itemscope=\"itemscope\" itemtype=\"https:\/\/schema.org\/Person\" ><span itemprop='name'>sebastianbad<\/span><\/span><span class='av-structured-data'  itemprop=\"datePublished\" datetime=\"2021-08-04T18:13:07+02:00\" >2022-04-02 22:00:06<\/span><span class='av-structured-data'  itemprop=\"dateModified\" itemtype=\"https:\/\/schema.org\/dateModified\" >2023-02-17 14:59:40<\/span><span class='av-structured-data'  itemprop=\"mainEntityOfPage\" itemtype=\"https:\/\/schema.org\/mainEntityOfPage\" ><span itemprop='name'>Geomantie, Feng-Shui und pers\u00f6nliche Entwicklung der neuen Zeit<\/span><\/span><\/span><\/article><article class='slide-entry flex_column  post-entry post-entry-332 slide-entry-overview slide-loop-6 slide-parity-odd  post-entry-last  av_one_third  real-thumbnail post-format-standard'  itemscope=\"itemscope\" itemtype=\"https:\/\/schema.org\/CreativeWork\" ><a href='https:\/\/www.roland-fischer.com\/consulting\/2022\/03\/25\/energie-im-leben\/' data-rel='slide-1' class='slide-image' title='Energie im Leben'><img decoding=\"async\" width=\"495\" height=\"400\" src=\"https:\/\/www.roland-fischer.com\/consulting\/wp-content\/uploads\/2022\/05\/Energie-im-Leben-495x400.jpg\" class=\"wp-image-469 avia-img-lazy-loading-not-469 attachment-portfolio size-portfolio wp-post-image\" alt=\"\" srcset=\"https:\/\/www.roland-fischer.com\/consulting\/wp-content\/uploads\/2022\/05\/Energie-im-Leben-495x400.jpg 495w, https:\/\/www.roland-fischer.com\/consulting\/wp-content\/uploads\/2022\/05\/Energie-im-Leben-845x684.jpg 845w\" sizes=\"(max-width: 495px) 100vw, 495px\" \/><\/a><div class='slide-content'><header class=\"entry-content-header\"><h3 class='slide-entry-title entry-title '  itemprop=\"headline\" ><a href='https:\/\/www.roland-fischer.com\/consulting\/2022\/03\/25\/energie-im-leben\/' title='Energie im Leben'>Energie im Leben<\/a><\/h3><span class=\"av-vertical-delimiter\"><\/span><\/header><div class=\"slide-meta\"><time class='slide-meta-time updated'  itemprop=\"datePublished\" datetime=\"2022-03-25T20:45:32+01:00\" >25. M\u00e4rz 2022<\/time><\/div><div class='slide-entry-excerpt entry-content'  itemprop=\"text\" >\n\n\n\n\n\n\n\n\n\n\n\n<div class=\"read-more-link\"><a href=\"https:\/\/www.roland-fischer.com\/consulting\/2022\/03\/25\/energie-im-leben\/\" class=\"more-link\">Weiterlesen<span class=\"more-link-arrow\"><\/span><\/a><\/div><\/div><\/div><footer class=\"entry-footer\"><\/footer><span class='hidden'>\n\t\t\t\t<span class='av-structured-data'  itemprop=\"image\" itemscope=\"itemscope\" itemtype=\"https:\/\/schema.org\/ImageObject\" >\n\t\t\t\t\t\t<span itemprop='url'>https:\/\/www.roland-fischer.com\/consulting\/wp-content\/uploads\/2022\/05\/Energie-im-Leben-scaled.jpg<\/span>\n\t\t\t\t\t\t<span itemprop='height'>1707<\/span>\n\t\t\t\t\t\t<span itemprop='width'>2560<\/span>\n\t\t\t\t<\/span>\n\t\t\t\t<span class='av-structured-data'  itemprop=\"publisher\" itemtype=\"https:\/\/schema.org\/Organization\" itemscope=\"itemscope\" >\n\t\t\t\t\t\t<span itemprop='name'>sebastianbad<\/span>\n\t\t\t\t\t\t<span itemprop='logo' itemscope itemtype='https:\/\/schema.org\/ImageObject'>\n\t\t\t\t\t\t\t<span itemprop='url'>https:\/\/www.roland-fischer.com\/consulting\/wp-content\/uploads\/2022\/01\/Roland-Fischer-Logo-web-transp.png<\/span>\n\t\t\t\t\t\t <\/span>\n\t\t\t\t<\/span><span class='av-structured-data'  itemprop=\"author\" itemscope=\"itemscope\" itemtype=\"https:\/\/schema.org\/Person\" ><span itemprop='name'>sebastianbad<\/span><\/span><span class='av-structured-data'  itemprop=\"datePublished\" datetime=\"2021-08-04T18:13:07+02:00\" >2022-03-25 20:45:32<\/span><span class='av-structured-data'  itemprop=\"dateModified\" itemtype=\"https:\/\/schema.org\/dateModified\" >2023-02-17 14:45:52<\/span><span class='av-structured-data'  itemprop=\"mainEntityOfPage\" itemtype=\"https:\/\/schema.org\/mainEntityOfPage\" ><span itemprop='name'>Energie im Leben<\/span><\/span><\/span><\/article><\/div><\/div><\/div>\n","protected":false},"excerpt":{"rendered":"","protected":false},"author":1,"featured_media":0,"parent":0,"menu_order":0,"comment_status":"closed","ping_status":"closed","template":"","meta":{"footnotes":""},"class_list":["post-141","page","type-page","status-publish","hentry"],"_links":{"self":[{"href":"https:\/\/www.roland-fischer.com\/consulting\/wp-json\/wp\/v2\/pages\/141","targetHints":{"allow":["GET"]}}],"collection":[{"href":"https:\/\/www.roland-fischer.com\/consulting\/wp-json\/wp\/v2\/pages"}],"about":[{"href":"https:\/\/www.roland-fischer.com\/consulting\/wp-json\/wp\/v2\/types\/page"}],"author":[{"embeddable":true,"href":"https:\/\/www.roland-fischer.com\/consulting\/wp-json\/wp\/v2\/users\/1"}],"replies":[{"embeddable":true,"href":"https:\/\/www.roland-fischer.com\/consulting\/wp-json\/wp\/v2\/comments?post=141"}],"version-history":[{"count":17,"href":"https:\/\/www.roland-fischer.com\/consulting\/wp-json\/wp\/v2\/pages\/141\/revisions"}],"predecessor-version":[{"id":458,"href":"https:\/\/www.roland-fischer.com\/consulting\/wp-json\/wp\/v2\/pages\/141\/revisions\/458"}],"wp:attachment":[{"href":"https:\/\/www.roland-fischer.com\/consulting\/wp-json\/wp\/v2\/media?parent=141"}],"curies":[{"name":"wp","href":"https:\/\/api.w.org\/{rel}","templated":true}]}}