{"id":82,"date":"2021-07-30T16:19:44","date_gmt":"2021-07-30T14:19:44","guid":{"rendered":"http:\/\/www.roland-fischer.com\/consulting\/?page_id=82"},"modified":"2023-02-16T09:41:15","modified_gmt":"2023-02-16T08:41:15","slug":"ueber-mich","status":"publish","type":"page","link":"https:\/\/www.roland-fischer.com\/consulting\/ueber-mich\/","title":{"rendered":"\u00dcber mich"},"content":{"rendered":"\n<style type=\"text\/css\" data-created_by=\"avia_inline_auto\" id=\"style-css-av-45qj3-ebf7426b2d54e2d7370a4d802b34a09a\">\n.flex_column.av-45qj3-ebf7426b2d54e2d7370a4d802b34a09a{\nborder-radius:0px 0px 0px 0px;\n-webkit-border-radius:0px 0px 0px 0px;\n-moz-border-radius:0px 0px 0px 0px;\n}\n<\/style>\n<div class='flex_column av-45qj3-ebf7426b2d54e2d7370a4d802b34a09a av_three_fifth  avia-builder-el-0  el_before_av_two_fifth  avia-builder-el-first  first flex_column_div av-zero-column-padding '   ><section  class='av_textblock_section av-kvgr6r0p-c621a2c1611753a82f4a03ad32bdfa6b'  itemscope=\"itemscope\" itemtype=\"https:\/\/schema.org\/CreativeWork\" ><div class='avia_textblock'  itemprop=\"text\" ><h1 style=\"text-align: left;\" align=\"center\">\u00dcBER MICH<\/h1>\n<\/div><\/section><br \/>\n\n<style type=\"text\/css\" data-created_by=\"avia_inline_auto\" id=\"style-css-av-kvgrg46a-8b0d57abbfee7d6c4be4619bc90c0545\">\n#top .hr.hr-invisible.av-kvgrg46a-8b0d57abbfee7d6c4be4619bc90c0545{\nheight:30px;\n}\n<\/style>\n<div  class='hr av-kvgrg46a-8b0d57abbfee7d6c4be4619bc90c0545 hr-invisible  avia-builder-el-2  el_after_av_textblock  el_before_av_textblock '><span class='hr-inner '><span class=\"hr-inner-style\"><\/span><\/span><\/div><br \/>\n<section  class='av_textblock_section av-191la-0116cee42558972a501d6d65b6f09cef'  itemscope=\"itemscope\" itemtype=\"https:\/\/schema.org\/CreativeWork\" ><div class='avia_textblock'  itemprop=\"text\" ><p><em>Meine Wurzeln liegen in der Technik. Lange Jahre im Projekt- und Investitionsmanagement in der Industrie t\u00e4tig, begann ich dann vor <\/em><em>\u00fcber <\/em><em>f\u00fcnfzehn Jahren, mich mit energetischen Zusammenh\u00e4ngen zu besch\u00e4ftigen. Physische und psychische Gesundheit, Ern\u00e4hrung, Energiehaushalt des K\u00f6rpers, Kommunikation und das Zusammenspiel zwischen K\u00f6rper, Geist und Seele wurden f\u00fcr mich immer wichtiger.<\/em><\/p>\n<\/div><\/section><br \/>\n<section  class='av_textblock_section av-l2w9g9zo-367522d370a3227f4493d5fa63b91bce'  itemscope=\"itemscope\" itemtype=\"https:\/\/schema.org\/CreativeWork\" ><div class='avia_textblock'  itemprop=\"text\" ><p>Dies f\u00fchrte mich unweigerlich auch zu den Themen Feng-Shui und Geomantie. Und wir sprechen hier von energetischem, ganzheitlichem Feng-Shui und von aktiver Geomantie!<\/p>\n<p>F\u00fcr Privat und Beruf. F\u00fcr Wohnen und Bauen. F\u00fcr Mieter und Eigent\u00fcmer.<\/p>\n<\/div><\/section><\/p><\/div>\n\n<style type=\"text\/css\" data-created_by=\"avia_inline_auto\" id=\"style-css-av-37ktn-dca68e651fab97a802e04c1f207a17de\">\n.flex_column.av-37ktn-dca68e651fab97a802e04c1f207a17de{\nborder-radius:0px 0px 0px 0px;\n-webkit-border-radius:0px 0px 0px 0px;\n-moz-border-radius:0px 0px 0px 0px;\n}\n<\/style>\n<div class='flex_column av-37ktn-dca68e651fab97a802e04c1f207a17de av_two_fifth  avia-builder-el-5  el_after_av_three_fifth  el_before_av_hr  flex_column_div av-zero-column-padding '   ><p>\n<style type=\"text\/css\" data-created_by=\"avia_inline_auto\" id=\"style-css-av-kvgr9uc1-ee8a739fe745510065cf78578f7e5a94\">\n.avia-image-container.av-kvgr9uc1-ee8a739fe745510065cf78578f7e5a94 .av-image-caption-overlay-center{\ncolor:#ffffff;\n}\n<\/style>\n<div  class='avia-image-container av-kvgr9uc1-ee8a739fe745510065cf78578f7e5a94 av-styling- avia-align-center  avia-builder-el-6  el_before_av_textblock  avia-builder-el-first '  itemprop=\"image\" itemscope=\"itemscope\" itemtype=\"https:\/\/schema.org\/ImageObject\" ><div class=\"avia-image-container-inner\"><div class=\"avia-image-overlay-wrap\"><img decoding=\"async\" class='wp-image-434 avia-img-lazy-loading-not-434 avia_image' src=\"https:\/\/www.roland-fischer.com\/consulting\/wp-content\/uploads\/2022\/05\/Roland-Fischer-HiRes-06743web.jpg\" alt='' title='Roland-Fischer-HiRes-06743web'  height=\"1382\" width=\"1238\"  itemprop=\"thumbnailUrl\" srcset=\"https:\/\/www.roland-fischer.com\/consulting\/wp-content\/uploads\/2022\/05\/Roland-Fischer-HiRes-06743web.jpg 1238w, https:\/\/www.roland-fischer.com\/consulting\/wp-content\/uploads\/2022\/05\/Roland-Fischer-HiRes-06743web-269x300.jpg 269w, https:\/\/www.roland-fischer.com\/consulting\/wp-content\/uploads\/2022\/05\/Roland-Fischer-HiRes-06743web-923x1030.jpg 923w, https:\/\/www.roland-fischer.com\/consulting\/wp-content\/uploads\/2022\/05\/Roland-Fischer-HiRes-06743web-768x857.jpg 768w, https:\/\/www.roland-fischer.com\/consulting\/wp-content\/uploads\/2022\/05\/Roland-Fischer-HiRes-06743web-632x705.jpg 632w\" sizes=\"(max-width: 1238px) 100vw, 1238px\" \/><\/div><\/div><\/div><br \/>\n<section  class='av_textblock_section av-ky9vm8zx-89c688a94badf496645a97f0344085d9'  itemscope=\"itemscope\" itemtype=\"https:\/\/schema.org\/CreativeWork\" ><div class='avia_textblock'  itemprop=\"text\" ><p style=\"text-align: left;\" align=\"center\">Ing. Roland Fischer\u00a0 \u00a0&#8211;\u00a0 \u00a0Techniker, Energetiker, Feng-Shui-Berater<\/p>\n<\/div><\/section><\/p><\/div>\n\n<style type=\"text\/css\" data-created_by=\"avia_inline_auto\" id=\"style-css-av-14uny-9e9123941b4edd21af74c7a92664d7dd\">\n#top .hr.hr-invisible.av-14uny-9e9123941b4edd21af74c7a92664d7dd{\nheight:50px;\n}\n<\/style>\n<div  class='hr av-14uny-9e9123941b4edd21af74c7a92664d7dd hr-invisible  avia-builder-el-8  el_after_av_two_fifth  el_before_av_textblock '><span class='hr-inner '><span class=\"hr-inner-style\"><\/span><\/span><\/div>\n<section  class='av_textblock_section av-kvgrfddf-bcd68178e032a91bf7c06175788e4a96'  itemscope=\"itemscope\" itemtype=\"https:\/\/schema.org\/CreativeWork\" ><div class='avia_textblock'  itemprop=\"text\" ><p>F\u00fcr mich sind die Begriffe Feng-Shui und Geomantie keine Versch\u00f6nerungen oder Harmonisierungen! Bei Feng-Shui und Geomantie, wie ich die Begriffe verstehe, wird im ersten Schritt Stress aus energetischen Einfl\u00fcssen abgebaut (zum Beispiel Stress von Erdenergien). Danach wird Stabilit\u00e4t hergestellt (zum Beispiel durch Herstellung einer funktionierenden R\u00fcckendeckung und Ausrichtung der Energierichtungen). Letztendlich wird F\u00f6rderung aufgebaut (zum Beispiel durch Wahl einer optimalen Schlaf- und Arbeitsposition, Farben, u.s.w.).<\/p>\n<p>Ziel aller Ma\u00dfnahmen ist, ganz klar und merkbar den eigenen Energieeinsatz zu optimieren und gleichzeitig die Ergebnisse des Lebens zu verbessern. Freude, Leichtigkeit, Gl\u00fcck, Geld, Beziehungen, Entwicklung und Vorw\u00e4rtskommen \u2013 in Einklang mit uns selbst und Allem, was uns umgibt!<\/p>\n<p>Ich freue mich auf ein unverbindliches und kostenloses Erstgespr\u00e4ch mit Ihnen via Telefon, Skype oder pers\u00f6nlich.<\/p>\n<p style=\"text-align: left;\" align=\"center\">\n<\/div><\/section>\n<div  class='hr av-krklv3zt-aa09ab57179b4bd4437c844aa7dd2a71 hr-default  avia-builder-el-10  el_after_av_textblock  avia-builder-el-last '><span class='hr-inner '><span class=\"hr-inner-style\"><\/span><\/span><\/div>\n","protected":false},"excerpt":{"rendered":"","protected":false},"author":1,"featured_media":0,"parent":0,"menu_order":0,"comment_status":"closed","ping_status":"closed","template":"","meta":{"footnotes":""},"class_list":["post-82","page","type-page","status-publish","hentry"],"_links":{"self":[{"href":"https:\/\/www.roland-fischer.com\/consulting\/wp-json\/wp\/v2\/pages\/82","targetHints":{"allow":["GET"]}}],"collection":[{"href":"https:\/\/www.roland-fischer.com\/consulting\/wp-json\/wp\/v2\/pages"}],"about":[{"href":"https:\/\/www.roland-fischer.com\/consulting\/wp-json\/wp\/v2\/types\/page"}],"author":[{"embeddable":true,"href":"https:\/\/www.roland-fischer.com\/consulting\/wp-json\/wp\/v2\/users\/1"}],"replies":[{"embeddable":true,"href":"https:\/\/www.roland-fischer.com\/consulting\/wp-json\/wp\/v2\/comments?post=82"}],"version-history":[{"count":24,"href":"https:\/\/www.roland-fischer.com\/consulting\/wp-json\/wp\/v2\/pages\/82\/revisions"}],"predecessor-version":[{"id":463,"href":"https:\/\/www.roland-fischer.com\/consulting\/wp-json\/wp\/v2\/pages\/82\/revisions\/463"}],"wp:attachment":[{"href":"https:\/\/www.roland-fischer.com\/consulting\/wp-json\/wp\/v2\/media?parent=82"}],"curies":[{"name":"wp","href":"https:\/\/api.w.org\/{rel}","templated":true}]}}